{"id":129,"date":"2012-12-29T16:05:56","date_gmt":"2012-12-29T16:05:56","guid":{"rendered":"http:\/\/www.gabyeisenhut.de\/?page_id=129"},"modified":"2014-04-15T08:17:36","modified_gmt":"2014-04-15T07:17:36","slug":"literatur","status":"publish","type":"page","link":"https:\/\/www.gabyeisenhut.de\/?page_id=129","title":{"rendered":"Literatur"},"content":{"rendered":"<p><strong><a title=\"Malerei und digitale Kunst\" href=\"http:\/\/www.amazon.de\/digitale-Unterrichtsideen-Projekte-Sekundarstufe-Lernmaterialien\/dp\/3937252967\/ref=sr_1_5?ie=UTF8&amp;qid=1356797430&amp;sr=8-5\" target=\"_blank\">Malerei und digitale Kunst (Gaby Eisenhut)<\/a><a href=\"http:\/\/www.gabyeisenhut.de\/?attachment_id=185\" rel=\"attachment wp-att-185\"><img decoding=\"async\" loading=\"lazy\" class=\"size-medium wp-image-185 alignright\" alt=\"kunstbuch2\" src=\"http:\/\/www.gabyeisenhut.de\/wp-content\/uploads\/2013\/01\/kunstbuch2-212x300.jpg\" width=\"212\" height=\"300\" srcset=\"https:\/\/www.gabyeisenhut.de\/wp-content\/uploads\/2013\/01\/kunstbuch2-212x300.jpg 212w, https:\/\/www.gabyeisenhut.de\/wp-content\/uploads\/2013\/01\/kunstbuch2-726x1024.jpg 726w, https:\/\/www.gabyeisenhut.de\/wp-content\/uploads\/2013\/01\/kunstbuch2.jpg 1000w\" sizes=\"(max-width: 212px) 100vw, 212px\" \/><\/a><\/strong><\/p>\n<p><b>Unterrichtsideen und Projekte f\u00fcr die<\/b> <b>Sekundarstufe: <\/b>Malerei hat im Kunstunterricht der Sekundarstufe einen festen Platz. Dass es dabei produktiv und f\u00fcr die Sch\u00fcler motivierend sein kann, den eigenen kreativen Prozess mit der Reflexion bekannter Kunstwerke zu verbinden, zeigt dieses Buch in 15 Unterrichtsprojekten. In Anlehnung an bekannte K\u00fcnstler und Werke erlernen die Sch\u00fcler neue Techniken und setzen diese eigenst\u00e4ndig um. Dabei unterst\u00fctzt das Buch mit einfachen Erkl\u00e4rungen zu den einzelnen Arbeitstechniken. Dar\u00fcber hinaus besch\u00e4ftigen sich einige der Projekte auch mit digitaler Kunst.<\/p>\n<p><b>Aus dem Inhalt:\u00a0<\/b> Wassily Kandinsky: Farbenlehre, Franz Marc: Tierdarstellungen,\u00a0 Pablo Picasso: Portraits, Salvador Dali: Traumcollagen<\/p>\n<p><strong><a title=\"Einfach geniale Kunstprojekte\" href=\"http:\/\/www.amazon.de\/Einfach-geniale-Kunstprojekte-Arbeitstechniken-Sch%C3%BClerarbeiten\/dp\/3937252231\/ref=sr_1_1?s=books&amp;ie=UTF8&amp;qid=1356797535&amp;sr=1-1\" target=\"_blank\">Einfach geniale Kunstprojekte\u00a0(Gaby Eisenhut)<\/a><a href=\"http:\/\/www.gabyeisenhut.de\/?attachment_id=187\" rel=\"attachment wp-att-187\"><img decoding=\"async\" loading=\"lazy\" class=\"size-medium wp-image-187 alignright\" alt=\"kunstbuch1\" src=\"http:\/\/www.gabyeisenhut.de\/wp-content\/uploads\/2013\/01\/kunstbuch1-199x300.jpg\" width=\"199\" height=\"300\" srcset=\"https:\/\/www.gabyeisenhut.de\/wp-content\/uploads\/2013\/01\/kunstbuch1-199x300.jpg 199w, https:\/\/www.gabyeisenhut.de\/wp-content\/uploads\/2013\/01\/kunstbuch1-680x1024.jpg 680w, https:\/\/www.gabyeisenhut.de\/wp-content\/uploads\/2013\/01\/kunstbuch1.jpg 1000w\" sizes=\"(max-width: 199px) 100vw, 199px\" \/><\/a><\/strong><\/p>\n<p><b>Arbeiten mit M\u00fcll, Metall und Plastilin in der Sekundarstufe <\/b><br \/>\nKunst aus M\u00fcll und Abf\u00e4llen? In diesem Buch pr\u00e4sentiert die Autorin au\u00dfergew\u00f6hnliche Kunstprojekte aus ungew\u00f6hnlichen Materialien. Die Kreativit\u00e4t und der Einfallsreichtum der Sch\u00fcler wird gef\u00f6rdert. Alltagsgegenst\u00e4nde werden aus einem anderen Blickwinkel betrachtet, M\u00fcll und Abfall bekommen einen neuen Wert.<br \/>\n<b>Aus dem Inhalt:\u00a0<\/b>Pablo Picasso zwischen Zeichnung und Plastik, Fahrzeuge in Metalldr\u00fccktechnik, M\u00fcllcollagen, Kreatives Umgestalten von Geb\u00e4uden nach Friedensreich Hundertwasser<\/p>\n<p><b>ISBN: <\/b>978-3-93725-223-0<\/p>\n<p><strong><a title=\"krebskranke kinder\" href=\"http:\/\/www.krebeki.de\/nc\/krebeki-news\/artikel-krebeki-news\/article\/krebeki-finanziert-krebs-info-schulbuch.html?tx_ttnews[backPid]=1\" target=\"_blank\">Krebskranke Kinder (Eva Christian, Gaby Eisenhut)<\/a><a href=\"http:\/\/www.gabyeisenhut.de\/?attachment_id=188\" rel=\"attachment wp-att-188\"><img decoding=\"async\" loading=\"lazy\" class=\"size-full wp-image-188 alignright\" alt=\"Krebskranke Kinder Cover.indd\" src=\"http:\/\/www.gabyeisenhut.de\/wp-content\/uploads\/2013\/01\/Krebskranke-Kinder_Internet.jpg\" width=\"276\" height=\"276\" srcset=\"https:\/\/www.gabyeisenhut.de\/wp-content\/uploads\/2013\/01\/Krebskranke-Kinder_Internet.jpg 276w, https:\/\/www.gabyeisenhut.de\/wp-content\/uploads\/2013\/01\/Krebskranke-Kinder_Internet-150x150.jpg 150w\" sizes=\"(max-width: 276px) 100vw, 276px\" \/><\/a><\/strong><\/p>\n<p>Krankheit und Behinderung machen auch vor Kindern nicht Halt. Die Diagnose &#8222;Krebs&#8220; versetzt die betroffenen Kinder und Jugendlichen und ihre Familien oft in einen Schockzustand und l\u00f6st Angst und Hilflosigkeit aus. Diesen Kindern bzw. Jugendlichen und ihren Familien will die Stiftung KreBeKi (Stiftung f\u00fcr krebskranke und behinderte Kinder in Bayern) helfen. Dazu geh\u00f6rt auch die Aufkl\u00e4rung von Lehrern und Klassenkameraden der Betroffenen.<\/p>\n<p>Mit dem B\u00fcchlein &#8222;Krebskranke Kinder &#8211; Unterrichtsmaterialien, Film und Projektideen&#8220; will KreBeKi in Zusammenarbeit mit dem CARE-LINE Verlag dies erreichen. Das Buch enth\u00e4lt alle n\u00f6tigen Hintergrundinformationen f\u00fcr Lehrer, die das Thema in ihrer Klasse behandeln wollen. Aber es geht nicht nur um reines Sachwissen. Vielmehr steht im Mittelpunkt das Verstehen der Situation der erkrankten Kinder, das Ein- und Mitf\u00fchlen und das Unterst\u00fctzen.<br \/>\nUm dies zu erreichen, werden f\u00fcnf Unterrichtseinheiten f\u00fcr Sch\u00fcler ab der 4. Jahrgangsstufe angeboten, die sich damit auseinandersetzen, was Krebs \u00fcberhaupt ist, wie man sich erkrankten Kindern gegen\u00fcber verhalten sollte, wie Krebs behandelt und geheilt werden kann und wie sich krebskranke Kinder f\u00fchlen. Zudem besch\u00e4ftigt sich eine Unterrichteinheit auch mit dem Thema Tod und Abschied nehmen. Vielf\u00e4ltige Projektideen zeigen dar\u00fcber hinaus auf, wie Kinder und Jugendliche selbst Betroffenen helfen k\u00f6nnen. Abgerundet wird das Material durch den Film &#8222;Heute lernen wir das \u00dcpsilon&#8220;, der auf CD-ROM beigef\u00fcgt ist.<\/p>\n<p>Kostenlos zu bestellen unter info@krebeki.de<\/p>\n<p><strong><a title=\"ein besuch in der teddyklinik\" href=\"http:\/\/www.amazon.de\/gp\/product\/3868780297\/ref=olp_product_details?ie=UTF8&amp;me=&amp;seller=\" target=\"_blank\">Ein Besuch in der Teddyklinik (Eva Christian, Gaby Eisenhut)<\/a><a href=\"http:\/\/www.gabyeisenhut.de\/?attachment_id=190\" rel=\"attachment wp-att-190\"><img decoding=\"async\" loading=\"lazy\" class=\"size-full wp-image-190 alignright\" alt=\"buch_teddyklinik\" src=\"http:\/\/www.gabyeisenhut.de\/wp-content\/uploads\/2013\/01\/buch_teddyklinik-e1357077737122.jpg\" width=\"276\" height=\"276\" \/><\/a><\/strong><\/p>\n<div>\n<div id=\"outer_postBodyPS\">\n<div id=\"postBodyPS\">\n<div>Was ist denn nur mit Moritz los? Anna ist ganz unruhig. Als sie aus dem Kindergarten nach Hause kommt, liegt Moritz auf dem Sofa und brummt ganz leise. Sein Bauch tut ihm schrecklich weh. Nat\u00fcrlich muss dem armen Teddy sofort geholfen werden, und deshalb geht es gleich in die Teddyklinik. Dort erf\u00e4hrt Moritz, der schreckliche Angst vor dem Krankenhaus hat, dass Doktoren und Schwestern ganz nette Menschen sind und dass man sich gar nicht f\u00fcrchten muss. Zusammen mit Anna lernt er die verschiedenen Stationen der Klinik kennen und zum Schluss wird er nat\u00fcrlich ganz gesund entlassen. Das Buch von KreBeKi, der Stiftung f\u00fcr krebskranke und behinderte Kinder in Bayern, herausgegebene B\u00fcchlein soll Kindern helfen, ihre \u00c4ngste vor dem Krankenhaus zu verlieren. Zahlreiche Adressen von Teddykliniken, die Eltern mit Ihren Kindern aber auch Kindergartengruppen und Grundschulklassen besuchen k\u00f6nnen, sind im Buch angef\u00fchrt.<\/div>\n<\/div>\n<\/div>\n<div id=\"psGradient\"><b>ISBN-13:<\/b> 978-3868780291<\/div>\n<div><\/div>\n<\/div>\n<p>&nbsp;<\/p>\n<p>&nbsp;<\/p>\n","protected":false},"excerpt":{"rendered":"<p>Malerei und digitale Kunst (Gaby Eisenhut) Unterrichtsideen und Projekte f\u00fcr die Sekundarstufe: Malerei hat im Kunstunterricht der Sekundarstufe einen festen Platz. Dass es dabei produktiv und f\u00fcr die Sch\u00fcler motivierend sein kann, den eigenen kreativen Prozess mit der Reflexion bekannter &hellip; <a href=\"https:\/\/www.gabyeisenhut.de\/?page_id=129\">Weiterlesen <span class=\"meta-nav\">&rarr;<\/span><\/a><\/p>\n","protected":false},"author":1,"featured_media":0,"parent":0,"menu_order":0,"comment_status":"closed","ping_status":"closed","template":"","meta":[],"_links":{"self":[{"href":"https:\/\/www.gabyeisenhut.de\/index.php?rest_route=\/wp\/v2\/pages\/129"}],"collection":[{"href":"https:\/\/www.gabyeisenhut.de\/index.php?rest_route=\/wp\/v2\/pages"}],"about":[{"href":"https:\/\/www.gabyeisenhut.de\/index.php?rest_route=\/wp\/v2\/types\/page"}],"author":[{"embeddable":true,"href":"https:\/\/www.gabyeisenhut.de\/index.php?rest_route=\/wp\/v2\/users\/1"}],"replies":[{"embeddable":true,"href":"https:\/\/www.gabyeisenhut.de\/index.php?rest_route=%2Fwp%2Fv2%2Fcomments&post=129"}],"version-history":[{"count":12,"href":"https:\/\/www.gabyeisenhut.de\/index.php?rest_route=\/wp\/v2\/pages\/129\/revisions"}],"predecessor-version":[{"id":329,"href":"https:\/\/www.gabyeisenhut.de\/index.php?rest_route=\/wp\/v2\/pages\/129\/revisions\/329"}],"wp:attachment":[{"href":"https:\/\/www.gabyeisenhut.de\/index.php?rest_route=%2Fwp%2Fv2%2Fmedia&parent=129"}],"curies":[{"name":"wp","href":"https:\/\/api.w.org\/{rel}","templated":true}]}}